{"id":442,"date":"2021-07-27T11:56:57","date_gmt":"2021-07-27T11:56:57","guid":{"rendered":"https:\/\/carwash.interparking.be\/home-page\/"},"modified":"2022-05-24T19:01:52","modified_gmt":"2022-05-24T19:01:52","slug":"home-page","status":"publish","type":"page","link":"https:\/\/carwash.stg.interparking.be\/fr\/","title":{"rendered":"Carwash Interparking"},"content":{"rendered":"<p>Interparking vous propose un service de nettoyage haut de gamme dans certains de ses parkings.<br \/>\nExploitez au mieux votre temps de stationnement et r\u00e9cup\u00e9rez votre voiture parfaitement nettoy\u00e9e et lav\u00e9e.<\/p>\n<p><a class=\"btn btn-booknow\" href=\"#\"> R\u00e9server un carwash<\/a><\/p>\n","protected":false},"excerpt":{"rendered":"<p>Interparking vous propose un service de nettoyage haut de gamme dans certains de ses parkings. Exploitez au mieux votre temps [&hellip;]<\/p>\n","protected":false},"author":1,"featured_media":862,"parent":0,"menu_order":0,"comment_status":"closed","ping_status":"closed","template":"template-page\/homepage.php","meta":{"footnotes":""},"class_list":["post-442","page","type-page","status-publish","has-post-thumbnail","hentry"],"acf":[],"_links":{"self":[{"href":"https:\/\/carwash.stg.interparking.be\/fr\/wp-json\/wp\/v2\/pages\/442","targetHints":{"allow":["GET"]}}],"collection":[{"href":"https:\/\/carwash.stg.interparking.be\/fr\/wp-json\/wp\/v2\/pages"}],"about":[{"href":"https:\/\/carwash.stg.interparking.be\/fr\/wp-json\/wp\/v2\/types\/page"}],"author":[{"embeddable":true,"href":"https:\/\/carwash.stg.interparking.be\/fr\/wp-json\/wp\/v2\/users\/1"}],"replies":[{"embeddable":true,"href":"https:\/\/carwash.stg.interparking.be\/fr\/wp-json\/wp\/v2\/comments?post=442"}],"version-history":[{"count":14,"href":"https:\/\/carwash.stg.interparking.be\/fr\/wp-json\/wp\/v2\/pages\/442\/revisions"}],"predecessor-version":[{"id":950,"href":"https:\/\/carwash.stg.interparking.be\/fr\/wp-json\/wp\/v2\/pages\/442\/revisions\/950"}],"wp:featuredmedia":[{"embeddable":true,"href":"https:\/\/carwash.stg.interparking.be\/fr\/wp-json\/wp\/v2\/media\/862"}],"wp:attachment":[{"href":"https:\/\/carwash.stg.interparking.be\/fr\/wp-json\/wp\/v2\/media?parent=442"}],"curies":[{"name":"wp","href":"https:\/\/api.w.org\/{rel}","templated":true}]}}